{"id":132,"date":"2020-09-11T06:47:43","date_gmt":"2020-09-11T06:47:43","guid":{"rendered":"http:\/\/localhost\/thebozz\/?page_id=3"},"modified":"2023-10-18T09:29:52","modified_gmt":"2023-10-18T09:29:52","slug":"employeur","status":"publish","type":"page","link":"https:\/\/thebozz.be\/nl\/employeur\/","title":{"rendered":"Employeur"},"content":{"rendered":"<p><div class=\"fusion-fullwidth fullwidth-box fusion-builder-row-1 fusion-flex-container fusion-parallax-none section-page-banner blog-banner nonhundred-percent-fullwidth non-hundred-percent-height-scrolling\" style=\"--awb-border-radius-top-left:0px;--awb-border-radius-top-right:0px;--awb-border-radius-bottom-right:0px;--awb-border-radius-bottom-left:0px;--awb-padding-bottom:45px;--awb-background-image:url(&quot;https:\/\/thebozz.be\/wp-content\/uploads\/2021\/03\/home-banner.jpg&quot;);--awb-background-size:cover;--awb-flex-wrap:wrap;\" ><div class=\"fusion-builder-row fusion-row fusion-flex-align-items-flex-end fusion-flex-justify-content-flex-end fusion-flex-content-wrap\" style=\"max-width:1144px;margin-left: calc(-4% \/ 2 );margin-right: calc(-4% \/ 2 );\"><div class=\"fusion-layout-column fusion_builder_column fusion-builder-column-0 fusion_builder_column_1_1 1_1 fusion-flex-column fusion-flex-align-self-center\" style=\"--awb-bg-size:cover;--awb-width-large:100%;--awb-margin-top-large:0px;--awb-spacing-right-large:1.92%;--awb-margin-bottom-large:0px;--awb-spacing-left-large:1.92%;--awb-width-medium:100%;--awb-order-medium:0;--awb-spacing-right-medium:1.92%;--awb-spacing-left-medium:1.92%;--awb-width-small:100%;--awb-order-small:0;--awb-spacing-right-small:1.92%;--awb-spacing-left-small:1.92%;\"><div class=\"fusion-column-wrapper fusion-column-has-shadow fusion-flex-justify-content-center fusion-content-layout-column\"><div class=\"fusion-title title fusion-title-1 fusion-sep-none fusion-title-text fusion-title-size-one\" style=\"--awb-text-color:#ffffff;--awb-margin-bottom:0px;--awb-font-size:45px;\"><h1 class=\"fusion-title-heading title-heading-right fusion-responsive-typography-calculated\" style=\"margin:0;font-size:1em;--fontSize:45;line-height:1.6;\">\/ werkgevers<\/h1><\/div><\/div><\/div><\/div><\/div><div class=\"fusion-fullwidth fullwidth-box fusion-builder-row-2 fusion-flex-container employer-intro nonhundred-percent-fullwidth non-hundred-percent-height-scrolling\" style=\"--awb-border-radius-top-left:0px;--awb-border-radius-top-right:0px;--awb-border-radius-bottom-right:0px;--awb-border-radius-bottom-left:0px;--awb-padding-top:10px;--awb-padding-bottom:0px;--awb-padding-top-small:30px;--awb-padding-bottom-small:0px;--awb-flex-wrap:wrap;\" ><div class=\"fusion-builder-row fusion-row fusion-flex-align-items-flex-start fusion-flex-content-wrap\" style=\"max-width:1144px;margin-left: calc(-4% \/ 2 );margin-right: calc(-4% \/ 2 );\"><div class=\"fusion-layout-column fusion_builder_column fusion-builder-column-1 fusion_builder_column_1_2 1_2 fusion-flex-column fusion-no-small-visibility\" style=\"--awb-bg-size:cover;--awb-width-large:50%;--awb-margin-top-large:0px;--awb-spacing-right-large:3.84%;--awb-margin-bottom-large:20px;--awb-spacing-left-large:3.84%;--awb-width-medium:50%;--awb-order-medium:0;--awb-spacing-right-medium:3.84%;--awb-spacing-left-medium:3.84%;--awb-width-small:100%;--awb-order-small:0;--awb-margin-top-small:50px;--awb-spacing-right-small:1.92%;--awb-spacing-left-small:1.92%;\"><div class=\"fusion-column-wrapper fusion-column-has-shadow fusion-flex-justify-content-center fusion-content-layout-column\"><div class=\"fusion-image-element fusion-no-small-visibility\" style=\"--awb-max-width:300px;--awb-caption-title-font-family:var(--h2_typography-font-family);--awb-caption-title-font-weight:var(--h2_typography-font-weight);--awb-caption-title-font-style:var(--h2_typography-font-style);--awb-caption-title-size:var(--h2_typography-font-size);--awb-caption-title-transform:var(--h2_typography-text-transform);--awb-caption-title-line-height:var(--h2_typography-line-height);--awb-caption-title-letter-spacing:var(--h2_typography-letter-spacing);\"><span class=\" fusion-imageframe imageframe-none imageframe-1 hover-type-none\"><img decoding=\"async\" width=\"500\" height=\"400\" title=\"the-bozz-logo\" src=\"https:\/\/thebozz.be\/wp-content\/uploads\/2021\/03\/the-bozz-logo.png\" alt class=\"img-responsive wp-image-1051\" srcset=\"https:\/\/thebozz.be\/wp-content\/uploads\/2021\/03\/the-bozz-logo-200x160.png 200w, https:\/\/thebozz.be\/wp-content\/uploads\/2021\/03\/the-bozz-logo-400x320.png 400w, https:\/\/thebozz.be\/wp-content\/uploads\/2021\/03\/the-bozz-logo.png 500w\" sizes=\"(max-width: 800px) 100vw, 500px\" \/><\/span><\/div><\/div><\/div><div class=\"fusion-layout-column fusion_builder_column fusion-builder-column-2 fusion_builder_column_1_2 1_2 fusion-flex-column\" style=\"--awb-padding-top-small:0%;--awb-padding-bottom-small:0%;--awb-bg-size:cover;--awb-width-large:50%;--awb-margin-top-large:0px;--awb-spacing-right-large:3.84%;--awb-margin-bottom-large:20px;--awb-spacing-left-large:3.84%;--awb-width-medium:50%;--awb-order-medium:0;--awb-spacing-right-medium:3.84%;--awb-spacing-left-medium:3.84%;--awb-width-small:100%;--awb-order-small:0;--awb-spacing-right-small:1.92%;--awb-spacing-left-small:1.92%;\"><div class=\"fusion-column-wrapper fusion-column-has-shadow fusion-flex-justify-content-flex-start fusion-content-layout-column\"><div class=\"fusion-text fusion-text-1\" style=\"--awb-font-size:24px;\"><p>The Bozz is een rekruteringsbureau dat gespecialiseerd is in ervaren en gekwalificeerde technische en officeprofielen.<\/p>\n<\/div><div class=\"fusion-text fusion-text-2\" style=\"--awb-font-size:24px;\"><p>We zijn op zoek naar de beste talenten voor onze klanten om hen in staat te stellen hun teams snel te versterken.<\/p>\n<\/div><\/div><\/div><\/div><\/div><div class=\"fusion-fullwidth fullwidth-box fusion-builder-row-3 fusion-flex-container engagement-box nonhundred-percent-fullwidth non-hundred-percent-height-scrolling\" style=\"--awb-border-radius-top-left:0px;--awb-border-radius-top-right:0px;--awb-border-radius-bottom-right:0px;--awb-border-radius-bottom-left:0px;--awb-padding-top:100px;--awb-padding-bottom:100px;--awb-background-color:#003e57;--awb-flex-wrap:wrap;\" ><div class=\"fusion-builder-row fusion-row fusion-flex-align-items-flex-start fusion-flex-content-wrap\" style=\"max-width:1144px;margin-left: calc(-4% \/ 2 );margin-right: calc(-4% \/ 2 );\"><div class=\"fusion-layout-column fusion_builder_column fusion-builder-column-3 fusion_builder_column_1_1 1_1 fusion-flex-column\" style=\"--awb-bg-size:cover;--awb-width-large:100%;--awb-margin-top-large:0px;--awb-spacing-right-large:1.92%;--awb-margin-bottom-large:20px;--awb-spacing-left-large:1.92%;--awb-width-medium:100%;--awb-order-medium:0;--awb-spacing-right-medium:1.92%;--awb-spacing-left-medium:1.92%;--awb-width-small:100%;--awb-order-small:0;--awb-spacing-right-small:1.92%;--awb-spacing-left-small:1.92%;\"><div class=\"fusion-column-wrapper fusion-column-has-shadow fusion-flex-justify-content-flex-start fusion-content-layout-column\"><div class=\"fusion-text fusion-text-3\" style=\"--awb-text-color:#ffffff;\"><h2 style=\"text-align: center;\">Talenten\u2026<\/h2>\n<\/div><div class=\"fusion-text fusion-text-4\" style=\"--awb-font-size:22px;--awb-text-color:#ffffff;\"><p style=\"text-align: center;\"><strong class=\"highlight\">gekwalificeerd \/<\/strong> ervaren en hooggekwalificeerde profielen.<\/p>\n<\/div><div class=\"fusion-text fusion-text-5\" style=\"--awb-font-size:22px;--awb-text-color:#ffffff;\"><p style=\"text-align: center;\"><strong class=\"highlight\">aanbevolen \/<\/strong> talenten met sterke referenties.<\/p>\n<\/div><div class=\"fusion-text fusion-text-6\" style=\"--awb-font-size:22px;--awb-text-color:#ffffff;\"><p style=\"text-align: center;\"><strong class=\"highlight\">beschikbaar \/<\/strong> talenten klaar om u zo snel mogelijk te versterken.<\/p>\n<\/div><\/div><\/div><\/div><\/div><div class=\"fusion-fullwidth fullwidth-box fusion-builder-row-4 fusion-flex-container hundred-percent-fullwidth non-hundred-percent-height-scrolling\" style=\"--awb-border-radius-top-left:0px;--awb-border-radius-top-right:0px;--awb-border-radius-bottom-right:0px;--awb-border-radius-bottom-left:0px;--awb-padding-top:100px;--awb-padding-bottom:100px;--awb-flex-wrap:wrap;\" ><div class=\"fusion-builder-row fusion-row fusion-flex-align-items-stretch fusion-flex-content-wrap\" style=\"width:104% !important;max-width:104% !important;margin-left: calc(-4% \/ 2 );margin-right: calc(-4% \/ 2 );\"><div class=\"fusion-layout-column fusion_builder_column fusion-builder-column-4 fusion_builder_column_1_1 1_1 fusion-flex-column\" style=\"--awb-bg-size:cover;--awb-width-large:100%;--awb-margin-top-large:0px;--awb-spacing-right-large:1.92%;--awb-margin-bottom-large:70px;--awb-spacing-left-large:1.92%;--awb-width-medium:100%;--awb-order-medium:0;--awb-spacing-right-medium:1.92%;--awb-spacing-left-medium:1.92%;--awb-width-small:100%;--awb-order-small:0;--awb-spacing-right-small:-10px;--awb-margin-bottom-small:0px;--awb-spacing-left-small:1.92%;\"><div class=\"fusion-column-wrapper fusion-column-has-shadow fusion-flex-justify-content-flex-start fusion-content-layout-column\"><div class=\"fusion-text fusion-text-7\" style=\"--awb-content-alignment:center;\"><h2 style=\"text-align: center;\">3 mogelijkheden<\/h2>\n<\/div><\/div><\/div><div class=\"fusion-layout-column fusion_builder_column fusion-builder-column-5 fusion_builder_column_1_3 1_3 fusion-flex-column col-tiled-info-block\" style=\"--awb-padding-top:40px;--awb-padding-right:30px;--awb-padding-bottom:20px;--awb-padding-left:30px;--awb-bg-color:#efe300;--awb-bg-color-hover:#efe300;--awb-bg-size:cover;--awb-width-large:33.333333333333%;--awb-margin-top-large:0px;--awb-spacing-right-large:14.4%;--awb-margin-bottom-large:20px;--awb-spacing-left-large:5.76%;--awb-width-medium:33.333333333333%;--awb-order-medium:0;--awb-spacing-right-medium:14.4%;--awb-spacing-left-medium:5.76%;--awb-width-small:100%;--awb-order-small:0;--awb-margin-top-small:50px;--awb-spacing-right-small:1.92%;--awb-spacing-left-small:1.92%;\"><div class=\"fusion-column-wrapper fusion-column-has-shadow fusion-flex-justify-content-flex-start fusion-content-layout-column\"><div class=\"fusion-builder-row fusion-builder-row-inner fusion-row fusion-flex-align-items-stretch fusion-flex-content-wrap\" style=\"width:104% !important;max-width:104% !important;margin-left: calc(-4% \/ 2 );margin-right: calc(-4% \/ 2 );\"><div class=\"fusion-layout-column fusion_builder_column_inner fusion-builder-nested-column-0 fusion_builder_column_inner_1_4 1_4 fusion-flex-column\" style=\"--awb-bg-size:cover;--awb-width-large:25%;--awb-margin-top-large:-40px;--awb-spacing-right-large:7.68%;--awb-margin-bottom-large:0px;--awb-spacing-left-large:0px;--awb-width-medium:25%;--awb-order-medium:0;--awb-spacing-right-medium:7.68%;--awb-spacing-left-medium:0px;--awb-width-small:100%;--awb-order-small:0;--awb-spacing-right-small:1.92%;--awb-spacing-left-small:1.92%;\"><div class=\"fusion-column-wrapper fusion-column-has-shadow fusion-flex-justify-content-flex-start fusion-content-layout-column\"><div class=\"fusion-text fusion-text-8 col-title-number\" style=\"--awb-font-size:100px;--awb-text-color:#a6c7d2;\"><h2><strong>1<\/strong><\/h2>\n<\/div><\/div><\/div><div class=\"fusion-layout-column fusion_builder_column_inner fusion-builder-nested-column-1 fusion_builder_column_inner_3_4 3_4 fusion-flex-column\" style=\"--awb-bg-size:cover;--awb-width-large:75%;--awb-margin-top-large:-20px;--awb-spacing-right-large:2.56%;--awb-margin-bottom-large:20px;--awb-spacing-left-large:2.56%;--awb-width-medium:75%;--awb-order-medium:0;--awb-spacing-right-medium:2.56%;--awb-spacing-left-medium:2.56%;--awb-width-small:100%;--awb-order-small:0;--awb-spacing-right-small:1.92%;--awb-spacing-left-small:1.92%;\"><div class=\"fusion-column-wrapper fusion-column-has-shadow fusion-flex-justify-content-flex-start fusion-content-layout-column\"><div class=\"fusion-text fusion-text-9 col-title-heading\" style=\"--awb-font-size:24px;\"><h3><strong>TEMP-TO-PERM<\/strong><\/h3>\n<\/div><\/div><\/div><\/div><div class=\"fusion-text fusion-text-10\" style=\"--awb-font-size:20px;\"><p>De door u gekozen kandidaat begint met een interim-periode. Aan het einde van deze periode wordt de werknemer een vast contract aangeboden.<\/p>\n<\/div><\/div><\/div><div class=\"fusion-layout-column fusion_builder_column fusion-builder-column-6 fusion_builder_column_1_3 1_3 fusion-flex-column col-tiled-info-block\" style=\"--awb-padding-top:40px;--awb-padding-right:30px;--awb-padding-bottom:20px;--awb-padding-left:30px;--awb-bg-color:#efe300;--awb-bg-color-hover:#efe300;--awb-bg-size:cover;--awb-width-large:33.333333333333%;--awb-margin-top-large:0px;--awb-spacing-right-large:14.4%;--awb-margin-bottom-large:20px;--awb-spacing-left-large:5.76%;--awb-width-medium:33.333333333333%;--awb-order-medium:0;--awb-spacing-right-medium:14.4%;--awb-spacing-left-medium:5.76%;--awb-width-small:100%;--awb-order-small:0;--awb-margin-top-small:50px;--awb-spacing-right-small:1.92%;--awb-spacing-left-small:1.92%;\"><div class=\"fusion-column-wrapper fusion-column-has-shadow fusion-flex-justify-content-flex-start fusion-content-layout-column\"><div class=\"fusion-builder-row fusion-builder-row-inner fusion-row fusion-flex-align-items-stretch fusion-flex-content-wrap\" style=\"width:104% !important;max-width:104% !important;margin-left: calc(-4% \/ 2 );margin-right: calc(-4% \/ 2 );\"><div class=\"fusion-layout-column fusion_builder_column_inner fusion-builder-nested-column-2 fusion_builder_column_inner_1_4 1_4 fusion-flex-column\" style=\"--awb-bg-size:cover;--awb-width-large:25%;--awb-margin-top-large:-40px;--awb-spacing-right-large:7.68%;--awb-margin-bottom-large:0px;--awb-spacing-left-large:0px;--awb-width-medium:25%;--awb-order-medium:0;--awb-spacing-right-medium:7.68%;--awb-spacing-left-medium:0px;--awb-width-small:100%;--awb-order-small:0;--awb-spacing-right-small:1.92%;--awb-spacing-left-small:1.92%;\"><div class=\"fusion-column-wrapper fusion-column-has-shadow fusion-flex-justify-content-flex-start fusion-content-layout-column\"><div class=\"fusion-text fusion-text-11 col-title-number\" style=\"--awb-font-size:100px;--awb-text-color:#a6c7d2;\"><h2><strong>2<\/strong><\/h2>\n<\/div><\/div><\/div><div class=\"fusion-layout-column fusion_builder_column_inner fusion-builder-nested-column-3 fusion_builder_column_inner_3_4 3_4 fusion-flex-column\" style=\"--awb-bg-size:cover;--awb-width-large:75%;--awb-margin-top-large:-20px;--awb-spacing-right-large:2.56%;--awb-margin-bottom-large:20px;--awb-spacing-left-large:2.56%;--awb-width-medium:75%;--awb-order-medium:0;--awb-spacing-right-medium:2.56%;--awb-spacing-left-medium:2.56%;--awb-width-small:100%;--awb-order-small:0;--awb-spacing-right-small:1.92%;--awb-spacing-left-small:1.92%;\"><div class=\"fusion-column-wrapper fusion-column-has-shadow fusion-flex-justify-content-flex-start fusion-content-layout-column\"><div class=\"fusion-text fusion-text-12 col-title-heading\" style=\"--awb-font-size:24px;\"><h3>SELECTION FEE<\/h3>\n<\/div><\/div><\/div><\/div><div class=\"fusion-text fusion-text-13\" style=\"--awb-font-size:20px;\"><p>Wilt u de succesvolle kandidaat onmiddellijk een vast contract aanbieden, kunt u ervoor kiezen een selectievergoeding te betalen.<\/p>\n<\/div><\/div><\/div><div class=\"fusion-layout-column fusion_builder_column fusion-builder-column-7 fusion_builder_column_1_3 1_3 fusion-flex-column col-tiled-info-block\" style=\"--awb-padding-top:40px;--awb-padding-right:30px;--awb-padding-bottom:20px;--awb-padding-left:30px;--awb-bg-color:#efe300;--awb-bg-color-hover:#efe300;--awb-bg-size:cover;--awb-width-large:33.333333333333%;--awb-margin-top-large:0px;--awb-spacing-right-large:14.4%;--awb-margin-bottom-large:20px;--awb-spacing-left-large:5.76%;--awb-width-medium:33.333333333333%;--awb-order-medium:0;--awb-spacing-right-medium:14.4%;--awb-spacing-left-medium:5.76%;--awb-width-small:100%;--awb-order-small:0;--awb-margin-top-small:50px;--awb-spacing-right-small:1.92%;--awb-spacing-left-small:1.92%;\"><div class=\"fusion-column-wrapper fusion-column-has-shadow fusion-flex-justify-content-flex-start fusion-content-layout-column\"><div class=\"fusion-builder-row fusion-builder-row-inner fusion-row fusion-flex-align-items-stretch fusion-flex-content-wrap\" style=\"width:104% !important;max-width:104% !important;margin-left: calc(-4% \/ 2 );margin-right: calc(-4% \/ 2 );\"><div class=\"fusion-layout-column fusion_builder_column_inner fusion-builder-nested-column-4 fusion_builder_column_inner_1_4 1_4 fusion-flex-column\" style=\"--awb-bg-size:cover;--awb-width-large:25%;--awb-margin-top-large:-40px;--awb-spacing-right-large:7.68%;--awb-margin-bottom-large:0px;--awb-spacing-left-large:0px;--awb-width-medium:25%;--awb-order-medium:0;--awb-spacing-right-medium:7.68%;--awb-spacing-left-medium:0px;--awb-width-small:100%;--awb-order-small:0;--awb-spacing-right-small:1.92%;--awb-spacing-left-small:1.92%;\"><div class=\"fusion-column-wrapper fusion-column-has-shadow fusion-flex-justify-content-flex-start fusion-content-layout-column\"><div class=\"fusion-text fusion-text-14 col-title-number\" style=\"--awb-font-size:100px;--awb-text-color:#a6c7d2;\"><h2><strong>3<\/strong><\/h2>\n<\/div><\/div><\/div><div class=\"fusion-layout-column fusion_builder_column_inner fusion-builder-nested-column-5 fusion_builder_column_inner_3_4 3_4 fusion-flex-column\" style=\"--awb-bg-size:cover;--awb-width-large:75%;--awb-margin-top-large:-20px;--awb-spacing-right-large:2.56%;--awb-margin-bottom-large:20px;--awb-spacing-left-large:2.56%;--awb-width-medium:75%;--awb-order-medium:0;--awb-spacing-right-medium:2.56%;--awb-spacing-left-medium:2.56%;--awb-width-small:100%;--awb-order-small:0;--awb-spacing-right-small:1.92%;--awb-spacing-left-small:1.92%;\"><div class=\"fusion-column-wrapper fusion-column-has-shadow fusion-flex-justify-content-flex-start fusion-content-layout-column\"><div class=\"fusion-text fusion-text-15 col-title-heading\" style=\"--awb-font-size:24px;\"><h3>PAYROLL<\/h3>\n<\/div><\/div><\/div><\/div><div class=\"fusion-text fusion-text-16\" style=\"--awb-font-size:20px;\"><p>Indien u zelf een talent hebt gevonden en u wenst dat wij hun interim-contract beheren voor een bepaalde periode voorafgaand aan een vaste contract.<\/p>\n<\/div><\/div><\/div><\/div><\/div><\/p>\n","protected":false},"excerpt":{"rendered":"","protected":false},"author":1,"featured_media":0,"parent":0,"menu_order":0,"comment_status":"closed","ping_status":"closed","template":"100-width.php","meta":{"_acf_changed":false,"footnotes":""},"class_list":["post-132","page","type-page","status-publish","hentry"],"acf":[],"yoast_head":"<!-- This site is optimized with the Yoast SEO plugin v25.4 - https:\/\/yoast.com\/wordpress\/plugins\/seo\/ -->\n<title>The Bozz | Pour les employeurs | Recrutez du personnel qualifi\u00e9<\/title>\n<meta name=\"description\" content=\"Recrutez les candidats qui correspondent \u00e0 votre demande. Gr\u00e2ce \u00e0 une v\u00e9ritable approche personnalis\u00e9e. D\u00e9couvrez l&#039;approche de The Bozz.\" \/>\n<meta name=\"robots\" content=\"index, follow, max-snippet:-1, max-image-preview:large, max-video-preview:-1\" \/>\n<link rel=\"canonical\" href=\"https:\/\/thebozz.be\/nl\/employeur\/\" \/>\n<meta name=\"twitter:card\" content=\"summary_large_image\" \/>\n<meta name=\"twitter:title\" content=\"The Bozz | Pour les employeurs | Recrutez du personnel qualifi\u00e9\" \/>\n<meta name=\"twitter:description\" content=\"Recrutez les candidats qui correspondent \u00e0 votre demande. Gr\u00e2ce \u00e0 une v\u00e9ritable approche personnalis\u00e9e. D\u00e9couvrez l&#039;approche de The Bozz.\" \/>\n<script type=\"application\/ld+json\" class=\"yoast-schema-graph\">{\"@context\":\"https:\/\/schema.org\",\"@graph\":[{\"@type\":\"WebPage\",\"@id\":\"https:\/\/thebozz.be\/employeur\/\",\"url\":\"https:\/\/thebozz.be\/employeur\/\",\"name\":\"The Bozz | Pour les employeurs | Recrutez du personnel qualifi\u00e9\",\"isPartOf\":{\"@id\":\"https:\/\/thebozz.be\/#website\"},\"datePublished\":\"2020-09-11T06:47:43+00:00\",\"dateModified\":\"2023-10-18T09:29:52+00:00\",\"description\":\"Recrutez les candidats qui correspondent \u00e0 votre demande. Gr\u00e2ce \u00e0 une v\u00e9ritable approche personnalis\u00e9e. D\u00e9couvrez l'approche de The Bozz.\",\"inLanguage\":\"nl-BE\",\"potentialAction\":[{\"@type\":\"ReadAction\",\"target\":[\"https:\/\/thebozz.be\/employeur\/\"]}]},{\"@type\":\"WebSite\",\"@id\":\"https:\/\/thebozz.be\/#website\",\"url\":\"https:\/\/thebozz.be\/\",\"name\":\"thebozz.be\",\"description\":\"Recruit differently\",\"publisher\":{\"@id\":\"https:\/\/thebozz.be\/#organization\"},\"potentialAction\":[{\"@type\":\"SearchAction\",\"target\":{\"@type\":\"EntryPoint\",\"urlTemplate\":\"https:\/\/thebozz.be\/?s={search_term_string}\"},\"query-input\":{\"@type\":\"PropertyValueSpecification\",\"valueRequired\":true,\"valueName\":\"search_term_string\"}}],\"inLanguage\":\"nl-BE\"},{\"@type\":\"Organization\",\"@id\":\"https:\/\/thebozz.be\/#organization\",\"name\":\"The Bozz\",\"url\":\"https:\/\/thebozz.be\/\",\"logo\":{\"@type\":\"ImageObject\",\"inLanguage\":\"nl-BE\",\"@id\":\"https:\/\/thebozz.be\/#\/schema\/logo\/image\/\",\"url\":\"https:\/\/thebozz.be\/wp-content\/uploads\/2020\/09\/logo_thebozz_retina.png\",\"contentUrl\":\"https:\/\/thebozz.be\/wp-content\/uploads\/2020\/09\/logo_thebozz_retina.png\",\"width\":260,\"height\":260,\"caption\":\"The Bozz\"},\"image\":{\"@id\":\"https:\/\/thebozz.be\/#\/schema\/logo\/image\/\"},\"sameAs\":[\"https:\/\/www.facebook.com\/TheBozzBelgium\/\",\"https:\/\/www.linkedin.com\/company\/the-bozz\",\"https:\/\/www.instagram.com\/the_bozz_belgium\/\"]}]}<\/script>\n<!-- \/ Yoast SEO plugin. -->","yoast_head_json":{"title":"The Bozz | Pour les employeurs | Recrutez du personnel qualifi\u00e9","description":"Recrutez les candidats qui correspondent \u00e0 votre demande. Gr\u00e2ce \u00e0 une v\u00e9ritable approche personnalis\u00e9e. D\u00e9couvrez l'approche de The Bozz.","robots":{"index":"index","follow":"follow","max-snippet":"max-snippet:-1","max-image-preview":"max-image-preview:large","max-video-preview":"max-video-preview:-1"},"canonical":"https:\/\/thebozz.be\/nl\/employeur\/","twitter_card":"summary_large_image","twitter_title":"The Bozz | Pour les employeurs | Recrutez du personnel qualifi\u00e9","twitter_description":"Recrutez les candidats qui correspondent \u00e0 votre demande. Gr\u00e2ce \u00e0 une v\u00e9ritable approche personnalis\u00e9e. D\u00e9couvrez l'approche de The Bozz.","schema":{"@context":"https:\/\/schema.org","@graph":[{"@type":"WebPage","@id":"https:\/\/thebozz.be\/employeur\/","url":"https:\/\/thebozz.be\/employeur\/","name":"The Bozz | Pour les employeurs | Recrutez du personnel qualifi\u00e9","isPartOf":{"@id":"https:\/\/thebozz.be\/#website"},"datePublished":"2020-09-11T06:47:43+00:00","dateModified":"2023-10-18T09:29:52+00:00","description":"Recrutez les candidats qui correspondent \u00e0 votre demande. Gr\u00e2ce \u00e0 une v\u00e9ritable approche personnalis\u00e9e. D\u00e9couvrez l'approche de The Bozz.","inLanguage":"nl-BE","potentialAction":[{"@type":"ReadAction","target":["https:\/\/thebozz.be\/employeur\/"]}]},{"@type":"WebSite","@id":"https:\/\/thebozz.be\/#website","url":"https:\/\/thebozz.be\/","name":"thebozz.be","description":"Recruit differently","publisher":{"@id":"https:\/\/thebozz.be\/#organization"},"potentialAction":[{"@type":"SearchAction","target":{"@type":"EntryPoint","urlTemplate":"https:\/\/thebozz.be\/?s={search_term_string}"},"query-input":{"@type":"PropertyValueSpecification","valueRequired":true,"valueName":"search_term_string"}}],"inLanguage":"nl-BE"},{"@type":"Organization","@id":"https:\/\/thebozz.be\/#organization","name":"The Bozz","url":"https:\/\/thebozz.be\/","logo":{"@type":"ImageObject","inLanguage":"nl-BE","@id":"https:\/\/thebozz.be\/#\/schema\/logo\/image\/","url":"https:\/\/thebozz.be\/wp-content\/uploads\/2020\/09\/logo_thebozz_retina.png","contentUrl":"https:\/\/thebozz.be\/wp-content\/uploads\/2020\/09\/logo_thebozz_retina.png","width":260,"height":260,"caption":"The Bozz"},"image":{"@id":"https:\/\/thebozz.be\/#\/schema\/logo\/image\/"},"sameAs":["https:\/\/www.facebook.com\/TheBozzBelgium\/","https:\/\/www.linkedin.com\/company\/the-bozz","https:\/\/www.instagram.com\/the_bozz_belgium\/"]}]}},"_links":{"self":[{"href":"https:\/\/thebozz.be\/nl\/wp-json\/wp\/v2\/pages\/132","targetHints":{"allow":["GET"]}}],"collection":[{"href":"https:\/\/thebozz.be\/nl\/wp-json\/wp\/v2\/pages"}],"about":[{"href":"https:\/\/thebozz.be\/nl\/wp-json\/wp\/v2\/types\/page"}],"author":[{"embeddable":true,"href":"https:\/\/thebozz.be\/nl\/wp-json\/wp\/v2\/users\/1"}],"replies":[{"embeddable":true,"href":"https:\/\/thebozz.be\/nl\/wp-json\/wp\/v2\/comments?post=132"}],"version-history":[{"count":1,"href":"https:\/\/thebozz.be\/nl\/wp-json\/wp\/v2\/pages\/132\/revisions"}],"predecessor-version":[{"id":4482,"href":"https:\/\/thebozz.be\/nl\/wp-json\/wp\/v2\/pages\/132\/revisions\/4482"}],"wp:attachment":[{"href":"https:\/\/thebozz.be\/nl\/wp-json\/wp\/v2\/media?parent=132"}],"curies":[{"name":"wp","href":"https:\/\/api.w.org\/{rel}","templated":true}]}}