{"id":4899,"date":"2024-09-16T10:01:10","date_gmt":"2024-09-16T10:01:10","guid":{"rendered":"https:\/\/thebozz.be\/?page_id=4899"},"modified":"2025-02-05T10:04:39","modified_gmt":"2025-02-05T10:04:39","slug":"trouver-un-emploi","status":"publish","type":"page","link":"https:\/\/thebozz.be\/nl\/trouver-un-emploi\/","title":{"rendered":"Trouvez un emploi &#8211; QR affiche"},"content":{"rendered":"<div class=\"fusion-fullwidth fullwidth-box fusion-builder-row-1 fusion-flex-container has-pattern-background has-mask-background nonhundred-percent-fullwidth non-hundred-percent-height-scrolling\" style=\"--awb-border-radius-top-left:0px;--awb-border-radius-top-right:0px;--awb-border-radius-bottom-right:0px;--awb-border-radius-bottom-left:0px;--awb-flex-wrap:wrap;\" ><div class=\"fusion-builder-row fusion-row fusion-flex-align-items-flex-start fusion-flex-content-wrap\" style=\"max-width:1144px;margin-left: calc(-4% \/ 2 );margin-right: calc(-4% \/ 2 );\"><div class=\"fusion-layout-column fusion_builder_column fusion-builder-column-0 fusion_builder_column_1_1 1_1 fusion-flex-column\" style=\"--awb-bg-size:cover;--awb-width-large:100%;--awb-margin-top-large:0px;--awb-spacing-right-large:1.92%;--awb-margin-bottom-large:20px;--awb-spacing-left-large:1.92%;--awb-width-medium:100%;--awb-order-medium:0;--awb-spacing-right-medium:1.92%;--awb-spacing-left-medium:1.92%;--awb-width-small:100%;--awb-order-small:0;--awb-spacing-right-small:1.92%;--awb-spacing-left-small:1.92%;\"><div class=\"fusion-column-wrapper fusion-column-has-shadow fusion-flex-justify-content-flex-start fusion-content-layout-column\"><div class=\"fusion-text fusion-text-1\" style=\"--awb-margin-top:30px;\"><h1 style=\"font-weight: 400;\">Vous cherchez du travail ?<\/h1>\n<p style=\"font-weight: 400;\">Vous \u00eates au bon endroit ! (<em>Merci d\u2019avoir scann\u00e9 le QR code)<\/em><\/p>\n<\/div><div class=\"fusion-text fusion-text-2\"><p>Vous travaillez dans la <span style=\"font-weight: 400;\"><strong>construction<\/strong> ou <strong>l&#8217;industrie<\/strong> ? Alors, nous <\/span>avons des opportunit\u00e9s pour vous !<\/p>\n<p style=\"font-weight: 400;\">En tant qu&#8217;agence de recrutement, nous vous \u00e9coutons et cherchons le meilleur pour vous.<\/p>\n<\/div><div class=\"fusion-text fusion-text-3 fusion-text-no-margin\" style=\"--awb-margin-bottom:5%;\"><p><em>Si vous ne travaillez pas dans ces secteurs, d\u00e9sol\u00e9 nous ne pourrons pas vous aider pour le moment.<\/em><\/p>\n<\/div><div style=\"text-align:center;\"><a class=\"fusion-button button-flat button-small button-custom fusion-button-default button-1 fusion-button-default-span fusion-button-default-type btn-job-apply-qrcode\" style=\"--button_accent_color:var(--awb-color7);--button_accent_hover_color:var(--awb-color7);--button_border_hover_color:#ffffff;--button-border-radius-top-left:50px;--button-border-radius-top-right:50px;--button-border-radius-bottom-right:50px;--button-border-radius-bottom-left:50px;--button_gradient_top_color:var(--awb-color4);--button_gradient_bottom_color:var(--awb-color4);--button_gradient_top_color_hover:var(--awb-color4);--button_gradient_bottom_color_hover:var(--awb-color4);--button_margin-top:2%;--button_margin-bottom:2%;\" target=\"_self\"><span class=\"fusion-button-text\">J&#8217;aimerai \u00eatre contact\u00e9<\/span><\/a><\/div><div class=\"fusion-text fusion-text-4 fusion-text-no-margin\" style=\"--awb-margin-top:5%;--awb-margin-bottom:5%;\"><h2>Comment \u00e7a se passe ?<\/h2>\n<ul>\n<li style=\"font-weight: 400;\"><strong>Vous nous parlez de votre parcours<\/strong>, de vos comp\u00e9tences, de ce que vous cherchez et surtout ce que vous ne voulez plus dans votre prochain emploi<\/li>\n<li style=\"font-weight: 400;\"><strong>Vous allez \u00e0 plusieurs entretiens<\/strong> pour maximiser vos chances et vous laisser le choix de votre futur employeur<\/li>\n<li style=\"font-weight: 400;\"><strong>Vous \u00eates accompagn\u00e9<\/strong> \u00e0 chaque entretien pour maximiser vos chances et pour assurer un suivi. Et puis, vous \u00eates toujours en contact avec un de nos consultants pendant la p\u00e9riode de votre contrat<\/li>\n<\/ul>\n<p style=\"font-weight: 400;\"><strong>L&#8217;objectif ?<\/strong> Un emploi stable et durable, sans perte de temps. Comme le t\u00e9moignent nos candidats juste <a href=\"#temoignage\">ici<\/a><\/p>\n<\/div><div class=\"fusion-text fusion-text-5 fusion-text-no-margin\" style=\"--awb-margin-bottom:5%;\"><h2>Dans quels secteurs ?<\/h2>\n<ul>\n<li><strong>La construction : <\/strong>que vous soyez ma\u00e7on, couvreur, \u00e9lectricien, monteur chauffagiste ou gestionnaire de chantiers, deviseur, dessinateur, \u2026 nous avons des opportunit\u00e9s \u00e0 long terme \u00e0 vous proposer. Dites-nous ce que vous recherchez et nous nous occupons du reste.<\/li>\n<\/ul>\n<ul>\n<li style=\"font-weight: 400;\"><strong>L&#8217;industrie : <\/strong>si vous travaillez comme soudeur, tuyauteur, m\u00e9canicien, carrossier, technicien de maintenance, technicien chauffagiste, chauffeur ou encore comme dessinateur industriel, &#8230; nous cherchons des emplois qui correspondent \u00e0 vos envies.<\/li>\n<\/ul>\n<\/div><div class=\"fusion-text fusion-text-6 fusion-text-no-margin\" style=\"--awb-margin-bottom:5%;\"><h2>Quels avantages pour vous ?<\/h2>\n<ul>\n<li style=\"font-weight: 400;\"><strong>Rapidit\u00e9 :<\/strong> Vous recevez un appel dans les 48h apr\u00e8s avoir envoy\u00e9 vos coordonn\u00e9es. Durant cet appel, vous nous expliquez vos exp\u00e9riences, ce que vous souhaitez et ne souhaitez plus dans votre travail. Et puis, nous commen\u00e7ons \u00e0 chercher activement plusieurs entretiens pour vous.<\/li>\n<li style=\"font-weight: 400;\"><strong>Accompagnement personnalis\u00e9 :<\/strong> Vous \u00eates accompagn\u00e9 \u00e0 chaque \u00e9tape car nous voulons vous aider \u00e0 d\u00e9crocher le poste : nous mettons en avant vos forces aupr\u00e8s des entreprises, nous vous conseillons avant l\u2019entretien et sommes l\u00e0 pendant. Une fois le contrat sign\u00e9, vous restez en contact avec nous et nous r\u00e9pondons \u00e0 toutes vos questions.<\/li>\n<li style=\"font-weight: 400;\"><strong>Postes en vue de CDI : pas de missions temporaires ou de remplacement.<\/strong> Chaque poste est un tremplin vers un emploi stable et donc un contrat CDI apr\u00e8s une p\u00e9riode de maximum 6 mois d\u2019int\u00e9rim fixe.<\/li>\n<li style=\"font-weight: 400;\"><strong>Expertise de vos m\u00e9tiers :<\/strong> Vous travaillez dans des m\u00e9tiers techniques, et c\u2019est notre domaine d\u2019expertise. Nous comprenons parfaitement votre m\u00e9tier et ce qui est important pour vous.<\/li>\n<\/ul>\n<\/div><div class=\"fusion-text fusion-text-7\"><p><em>Int\u00e9ress\u00e9\u00b7e ? Laissez-nous vos coordonn\u00e9es pour \u00eatre contact\u00e9 sous 48h !<\/em><\/p>\n<\/div><div style=\"text-align:center;\"><a class=\"fusion-button button-flat button-small button-custom fusion-button-default button-2 fusion-button-default-span fusion-button-default-type btn-job-apply-common\" style=\"--button_accent_color:var(--awb-color7);--button_accent_hover_color:var(--awb-color7);--button_border_hover_color:#ffffff;--button-border-radius-top-left:50px;--button-border-radius-top-right:50px;--button-border-radius-bottom-right:50px;--button-border-radius-bottom-left:50px;--button_gradient_top_color:var(--awb-color4);--button_gradient_bottom_color:var(--awb-color4);--button_gradient_top_color_hover:var(--awb-color4);--button_gradient_bottom_color_hover:var(--awb-color4);--button_margin-bottom:2%;\" target=\"_self\"><span class=\"fusion-button-text\">Je laisse mes coordonn\u00e9es<\/span><\/a><\/div><div class=\"fusion-text fusion-text-8\" style=\"--awb-margin-top:15px;\"><h2>D\u00e9couvrez le t\u00e9moignage de nos candidats<\/h2>\n<\/div><\/div><\/div><div class=\"fusion-layout-column fusion_builder_column fusion-builder-column-1 fusion_builder_column_1_2 1_2 fusion-flex-column\" style=\"--awb-bg-size:cover;--awb-width-large:50%;--awb-margin-top-large:0px;--awb-spacing-right-large:3.84%;--awb-margin-bottom-large:20px;--awb-spacing-left-large:3.84%;--awb-width-medium:50%;--awb-order-medium:0;--awb-spacing-right-medium:3.84%;--awb-spacing-left-medium:3.84%;--awb-width-small:100%;--awb-order-small:0;--awb-spacing-right-small:1.92%;--awb-spacing-left-small:1.92%;\" id=\"temoignage\" data-motion-effects=\"[{&quot;type&quot;:&quot;&quot;,&quot;scroll_type&quot;:&quot;transition&quot;,&quot;scroll_direction&quot;:&quot;up&quot;,&quot;transition_speed&quot;:&quot;1&quot;,&quot;fade_type&quot;:&quot;in&quot;,&quot;scale_type&quot;:&quot;up&quot;,&quot;initial_scale&quot;:&quot;1&quot;,&quot;max_scale&quot;:&quot;1.5&quot;,&quot;min_scale&quot;:&quot;0.5&quot;,&quot;initial_rotate&quot;:&quot;0&quot;,&quot;end_rotate&quot;:&quot;30&quot;,&quot;initial_blur&quot;:&quot;0&quot;,&quot;end_blur&quot;:&quot;3&quot;,&quot;start_element&quot;:&quot;top&quot;,&quot;start_viewport&quot;:&quot;bottom&quot;,&quot;end_element&quot;:&quot;bottom&quot;,&quot;end_viewport&quot;:&quot;top&quot;,&quot;mouse_effect&quot;:&quot;track&quot;,&quot;mouse_effect_direction&quot;:&quot;opposite&quot;,&quot;mouse_effect_speed&quot;:&quot;2&quot;,&quot;infinite_animation&quot;:&quot;float&quot;,&quot;infinite_animation_speed&quot;:&quot;2&quot;}]\" data-scroll-devices=\"small-visibility,medium-visibility,large-visibility\"><div class=\"fusion-column-wrapper fusion-column-has-shadow fusion-flex-justify-content-flex-start fusion-content-layout-column\"><div class=\"fusion-text fusion-text-9\"><p><iframe title=\"YouTube video player\" src=\"https:\/\/www.youtube.com\/embed\/Sh7qMymJy4c?si=LwV5TRwGaKpQSYy9\" width=\"560\" height=\"315\" frameborder=\"0\" allowfullscreen=\"allowfullscreen\"><\/iframe><\/p>\n<\/div><\/div><\/div><div class=\"fusion-layout-column fusion_builder_column fusion-builder-column-2 fusion_builder_column_1_2 1_2 fusion-flex-column\" style=\"--awb-bg-size:cover;--awb-width-large:50%;--awb-margin-top-large:0px;--awb-spacing-right-large:3.84%;--awb-margin-bottom-large:20px;--awb-spacing-left-large:3.84%;--awb-width-medium:50%;--awb-order-medium:0;--awb-spacing-right-medium:3.84%;--awb-spacing-left-medium:3.84%;--awb-width-small:100%;--awb-order-small:0;--awb-spacing-right-small:1.92%;--awb-spacing-left-small:1.92%;\"><div class=\"fusion-column-wrapper fusion-column-has-shadow fusion-flex-justify-content-flex-start fusion-content-layout-column\"><div class=\"fusion-text fusion-text-10\"><p><iframe title=\"YouTube video player\" src=\"https:\/\/www.youtube.com\/embed\/HoR8Qpcx74w?si=jlLA7_zo9hBGgnDe\" width=\"560\" height=\"315\" frameborder=\"0\" allowfullscreen=\"allowfullscreen\"><\/iframe><\/p>\n<\/div><\/div><\/div><\/div><\/div>\n","protected":false},"excerpt":{"rendered":"","protected":false},"author":32,"featured_media":0,"parent":0,"menu_order":0,"comment_status":"closed","ping_status":"closed","template":"","meta":{"_acf_changed":false,"footnotes":""},"class_list":["post-4899","page","type-page","status-publish","hentry"],"acf":[],"yoast_head":"<!-- This site is optimized with the Yoast SEO plugin v27.4 - https:\/\/yoast.com\/product\/yoast-seo-wordpress\/ -->\n<title>Trouvez un emploi - QR affiche | thebozz.be<\/title>\n<meta name=\"robots\" content=\"index, follow, max-snippet:-1, max-image-preview:large, max-video-preview:-1\" \/>\n<link rel=\"canonical\" href=\"https:\/\/thebozz.be\/nl\/trouver-un-emploi\/\" \/>\n<meta name=\"twitter:card\" content=\"summary_large_image\" \/>\n<meta name=\"twitter:title\" content=\"Trouvez un emploi - QR affiche\" \/>\n<script type=\"application\/ld+json\" class=\"yoast-schema-graph\">{\"@context\":\"https:\\\/\\\/schema.org\",\"@graph\":[{\"@type\":\"WebPage\",\"@id\":\"https:\\\/\\\/thebozz.be\\\/trouver-un-emploi\\\/\",\"url\":\"https:\\\/\\\/thebozz.be\\\/trouver-un-emploi\\\/\",\"name\":\"Trouvez un emploi - QR affiche\",\"isPartOf\":{\"@id\":\"https:\\\/\\\/thebozz.be\\\/#website\"},\"datePublished\":\"2024-09-16T10:01:10+00:00\",\"dateModified\":\"2025-02-05T10:04:39+00:00\",\"inLanguage\":\"nl-BE\",\"potentialAction\":[{\"@type\":\"ReadAction\",\"target\":[\"https:\\\/\\\/thebozz.be\\\/trouver-un-emploi\\\/\"]}]},{\"@type\":\"WebSite\",\"@id\":\"https:\\\/\\\/thebozz.be\\\/#website\",\"url\":\"https:\\\/\\\/thebozz.be\\\/\",\"name\":\"thebozz.be\",\"description\":\"Recruit differently\",\"publisher\":{\"@id\":\"https:\\\/\\\/thebozz.be\\\/#organization\"},\"potentialAction\":[{\"@type\":\"SearchAction\",\"target\":{\"@type\":\"EntryPoint\",\"urlTemplate\":\"https:\\\/\\\/thebozz.be\\\/?s={search_term_string}\"},\"query-input\":{\"@type\":\"PropertyValueSpecification\",\"valueRequired\":true,\"valueName\":\"search_term_string\"}}],\"inLanguage\":\"nl-BE\"},{\"@type\":\"Organization\",\"@id\":\"https:\\\/\\\/thebozz.be\\\/#organization\",\"name\":\"The Bozz\",\"url\":\"https:\\\/\\\/thebozz.be\\\/\",\"logo\":{\"@type\":\"ImageObject\",\"inLanguage\":\"nl-BE\",\"@id\":\"https:\\\/\\\/thebozz.be\\\/#\\\/schema\\\/logo\\\/image\\\/\",\"url\":\"https:\\\/\\\/thebozz.be\\\/wp-content\\\/uploads\\\/2020\\\/09\\\/logo_thebozz_retina.png\",\"contentUrl\":\"https:\\\/\\\/thebozz.be\\\/wp-content\\\/uploads\\\/2020\\\/09\\\/logo_thebozz_retina.png\",\"width\":260,\"height\":260,\"caption\":\"The Bozz\"},\"image\":{\"@id\":\"https:\\\/\\\/thebozz.be\\\/#\\\/schema\\\/logo\\\/image\\\/\"},\"sameAs\":[\"https:\\\/\\\/www.facebook.com\\\/TheBozzBelgium\\\/\",\"https:\\\/\\\/www.linkedin.com\\\/company\\\/the-bozz\",\"https:\\\/\\\/www.instagram.com\\\/the_bozz_belgium\\\/\"]}]}<\/script>\n<!-- \/ Yoast SEO plugin. -->","yoast_head_json":{"title":"Trouvez un emploi - QR affiche | thebozz.be","robots":{"index":"index","follow":"follow","max-snippet":"max-snippet:-1","max-image-preview":"max-image-preview:large","max-video-preview":"max-video-preview:-1"},"canonical":"https:\/\/thebozz.be\/nl\/trouver-un-emploi\/","twitter_card":"summary_large_image","twitter_title":"[:en]Trouvez un emploi - QR affiche[:] | thebozz.be","schema":{"@context":"https:\/\/schema.org","@graph":[{"@type":"WebPage","@id":"https:\/\/thebozz.be\/trouver-un-emploi\/","url":"https:\/\/thebozz.be\/trouver-un-emploi\/","name":"Trouvez un emploi - QR affiche","isPartOf":{"@id":"https:\/\/thebozz.be\/#website"},"datePublished":"2024-09-16T10:01:10+00:00","dateModified":"2025-02-05T10:04:39+00:00","inLanguage":"nl-BE","potentialAction":[{"@type":"ReadAction","target":["https:\/\/thebozz.be\/trouver-un-emploi\/"]}]},{"@type":"WebSite","@id":"https:\/\/thebozz.be\/#website","url":"https:\/\/thebozz.be\/","name":"thebozz.be","description":"Recruit differently","publisher":{"@id":"https:\/\/thebozz.be\/#organization"},"potentialAction":[{"@type":"SearchAction","target":{"@type":"EntryPoint","urlTemplate":"https:\/\/thebozz.be\/?s={search_term_string}"},"query-input":{"@type":"PropertyValueSpecification","valueRequired":true,"valueName":"search_term_string"}}],"inLanguage":"nl-BE"},{"@type":"Organization","@id":"https:\/\/thebozz.be\/#organization","name":"The Bozz","url":"https:\/\/thebozz.be\/","logo":{"@type":"ImageObject","inLanguage":"nl-BE","@id":"https:\/\/thebozz.be\/#\/schema\/logo\/image\/","url":"https:\/\/thebozz.be\/wp-content\/uploads\/2020\/09\/logo_thebozz_retina.png","contentUrl":"https:\/\/thebozz.be\/wp-content\/uploads\/2020\/09\/logo_thebozz_retina.png","width":260,"height":260,"caption":"The Bozz"},"image":{"@id":"https:\/\/thebozz.be\/#\/schema\/logo\/image\/"},"sameAs":["https:\/\/www.facebook.com\/TheBozzBelgium\/","https:\/\/www.linkedin.com\/company\/the-bozz","https:\/\/www.instagram.com\/the_bozz_belgium\/"]}]}},"_links":{"self":[{"href":"https:\/\/thebozz.be\/nl\/wp-json\/wp\/v2\/pages\/4899","targetHints":{"allow":["GET"]}}],"collection":[{"href":"https:\/\/thebozz.be\/nl\/wp-json\/wp\/v2\/pages"}],"about":[{"href":"https:\/\/thebozz.be\/nl\/wp-json\/wp\/v2\/types\/page"}],"author":[{"embeddable":true,"href":"https:\/\/thebozz.be\/nl\/wp-json\/wp\/v2\/users\/32"}],"replies":[{"embeddable":true,"href":"https:\/\/thebozz.be\/nl\/wp-json\/wp\/v2\/comments?post=4899"}],"version-history":[{"count":50,"href":"https:\/\/thebozz.be\/nl\/wp-json\/wp\/v2\/pages\/4899\/revisions"}],"predecessor-version":[{"id":5003,"href":"https:\/\/thebozz.be\/nl\/wp-json\/wp\/v2\/pages\/4899\/revisions\/5003"}],"wp:attachment":[{"href":"https:\/\/thebozz.be\/nl\/wp-json\/wp\/v2\/media?parent=4899"}],"curies":[{"name":"wp","href":"https:\/\/api.w.org\/{rel}","templated":true}]}}